{"id":294,"date":"2023-04-28T15:41:16","date_gmt":"2023-04-28T13:41:16","guid":{"rendered":"https:\/\/fincasllagostera.cat\/noticies\/"},"modified":"2023-06-21T13:20:45","modified_gmt":"2023-06-21T11:20:45","slug":"noticies","status":"publish","type":"page","link":"https:\/\/fincasllagostera.cat\/ca\/noticies\/","title":{"rendered":"Venda"},"content":{"rendered":"\t\t<div data-elementor-type=\"wp-page\" data-elementor-id=\"294\" class=\"elementor elementor-294 elementor-173\" data-elementor-post-type=\"page\">\n\t\t\t\t\t\t<section class=\"elementor-section elementor-top-section elementor-element elementor-element-e560163 elementor-section-full_width elementor-section-height-min-height elementor-section-stretched elementor-section-height-default elementor-section-items-middle\" data-id=\"e560163\" data-element_type=\"section\" data-settings=\"{&quot;stretch_section&quot;:&quot;section-stretched&quot;,&quot;background_background&quot;:&quot;slideshow&quot;,&quot;jet_parallax_layout_list&quot;:[],&quot;background_slideshow_gallery&quot;:[],&quot;background_slideshow_loop&quot;:&quot;yes&quot;,&quot;background_slideshow_slide_duration&quot;:5000,&quot;background_slideshow_slide_transition&quot;:&quot;fade&quot;,&quot;background_slideshow_transition_duration&quot;:500}\">\n\t\t\t\t\t\t<div class=\"elementor-container elementor-column-gap-no\">\n\t\t\t\t\t<div class=\"elementor-column elementor-col-100 elementor-top-column elementor-element elementor-element-4ce7c10\" data-id=\"4ce7c10\" data-element_type=\"column\">\n\t\t\t<div class=\"elementor-widget-wrap elementor-element-populated\">\n\t\t\t\t\t\t<div class=\"elementor-element elementor-element-06b4bde elementor-widget elementor-widget-jet-slider\" data-id=\"06b4bde\" data-element_type=\"widget\" data-settings=\"{&quot;slider_height_tablet&quot;:{&quot;unit&quot;:&quot;px&quot;,&quot;size&quot;:409,&quot;sizes&quot;:[]},&quot;slider_height_mobile&quot;:{&quot;unit&quot;:&quot;px&quot;,&quot;size&quot;:352,&quot;sizes&quot;:[]},&quot;slider_height&quot;:{&quot;unit&quot;:&quot;px&quot;,&quot;size&quot;:600,&quot;sizes&quot;:[]}}\" data-widget_type=\"jet-slider.default\">\n\t\t\t\t<div class=\"elementor-widget-container\">\n\t\t\t<div class=\"elementor-jet-slider jet-elements\">\n<div class=\"jet-slider jet-slider__image-exact\" data-settings='{\"sliderWidth\":{\"unit\":\"%\",\"size\":100,\"sizes\":[]},\"sliderHeight\":{\"unit\":\"px\",\"size\":600,\"sizes\":[]},\"sliderNavigation\":true,\"sliderNavigationIcon\":\"jet-slider__arrow-icon-06b4bde\",\"sliderNaviOnHover\":false,\"sliderPagination\":false,\"sliderAutoplay\":true,\"sliderAutoplayDelay\":5000,\"sliderAutoplayOnHover\":\"pause\",\"sliderFullScreen\":false,\"sliderFullscreenIcon\":\"jet-slider__fullscreen-icon-06b4bde\",\"sliderShuffle\":false,\"sliderLoop\":true,\"sliderFadeMode\":false,\"slideDistance\":{\"unit\":\"px\",\"size\":10,\"sizes\":[]},\"slideDuration\":500,\"imageScaleMode\":\"exact\",\"thumbnails\":false,\"thumbnailWidth\":120,\"thumbnailHeight\":80,\"rightToLeft\":false,\"touchswipe\":true,\"fractionPag\":false}'>\n\t\n<div class=\"slider-pro\"><div class=\"jet-slider__arrow-icon-06b4bde hidden-html\"><i aria-hidden=\"true\" class=\"fas fa-angle-left\"><\/i><\/div><div class=\"jet-slider__fullscreen-icon-06b4bde hidden-html\"><\/div><div class=\"jet-slider__items sp-slides\">\n\n<div  class=\"jet-slider__item sp-slide elementor-repeater-item-521d3e6\"><img decoding=\"async\" class=\"sp-image\" src=\"https:\/\/fincasllagostera.cat\/wp-content\/uploads\/2023\/06\/slideFINCASllagostera.jpg\" alt=\"fincas llagostera\"><div class=\"jet-slider__content sp-layer \" data-position=\"centerCenter\" data-width=\"100%\" data-height=\"100%\" data-horizontal=\"0%\" data-show-transition=\"none\" data-show-duration=\"400\" data-show-delay=\"400\" >\n\t\t<div class=\"jet-slider__content-item\">\n\t\t\t<div class=\"jet-slider__content-inner\"><h2 class=\"jet-slider__title\">ADMINISTREM FINQUES<\/h2>\n\t\t\t\t\t\t<div class=\"jet-slider__button-wrapper\"><a class=\"elementor-button elementor-size-md jet-slider__button jet-slider__button--primary\" href=\"https:\/\/fincasllagostera.cat\/contacto\/\">DEMANA PRESSUPOST<\/a>\t\t\t\t\t\t<\/div><\/div>\n\t\t<\/div>\n\t\t\t<\/div>\n<\/div>\n\n<div  class=\"jet-slider__item sp-slide elementor-repeater-item-1090e7b\"><img decoding=\"async\" class=\"sp-image\" src=\"https:\/\/fincasllagostera.cat\/wp-content\/uploads\/2023\/06\/tratofincasLLAGOSTERA.jpg\" alt=\"FINCAS LLAGOSTERA\"><div class=\"jet-slider__content sp-layer \" data-position=\"centerCenter\" data-width=\"100%\" data-height=\"100%\" data-horizontal=\"0%\" data-show-transition=\"none\" data-show-duration=\"400\" data-show-delay=\"400\" >\n\t\t<div class=\"jet-slider__content-item\">\n\t\t\t<div class=\"jet-slider__content-inner\"><h2 class=\"jet-slider__title\">ASSESSORIA CONTABLE, LABORAL, JUR\u00cdDICA I FISCAL<\/h2>\n\t\t\t\t\t\t<div class=\"jet-slider__button-wrapper\"><a class=\"elementor-button elementor-size-md jet-slider__button jet-slider__button--primary\" href=\"https:\/\/fincasllagostera.cat\/contacto\/\">DEMANA PRESSUPOST<\/a>\t\t\t\t\t\t<\/div><\/div>\n\t\t<\/div>\n\t\t\t<\/div>\n<\/div>\n\n<div  class=\"jet-slider__item sp-slide elementor-repeater-item-18b2cf9\"><img decoding=\"async\" class=\"sp-image\" src=\"https:\/\/fincasllagostera.cat\/wp-content\/uploads\/2023\/06\/llavefincasllagotera.jpg\" alt=\"FINCAS LLAGOSTERA\"><div class=\"jet-slider__content sp-layer \" data-position=\"centerCenter\" data-width=\"100%\" data-height=\"100%\" data-horizontal=\"0%\" data-show-transition=\"none\" data-show-duration=\"400\" data-show-delay=\"400\" >\n\t\t<div class=\"jet-slider__content-item\">\n\t\t\t<div class=\"jet-slider__content-inner\"><h2 class=\"jet-slider__title\">ASSEGURANCES I PREVENCI\u00d3 DE RISCOS LABORALS<\/h2>\n\t\t\t\t\t\t<div class=\"jet-slider__button-wrapper\"><a class=\"elementor-button elementor-size-md jet-slider__button jet-slider__button--primary\" href=\"https:\/\/fincasllagostera.cat\/contacto\/\">DEMANA PRESSUPOST<\/a>\t\t\t\t\t\t<\/div><\/div>\n\t\t<\/div>\n\t\t\t<\/div>\n<\/div>\n\n<\/div>\n<\/div>\n<\/div>\n<\/div>\t\t<\/div>\n\t\t\t\t<\/div>\n\t\t\t\t\t<\/div>\n\t\t<\/div>\n\t\t\t\t\t<\/div>\n\t\t<\/section>\n\t\t\t\t<section class=\"elementor-section elementor-top-section elementor-element elementor-element-fc30bae elementor-section-stretched elementor-section-boxed elementor-section-height-default elementor-section-height-default\" data-id=\"fc30bae\" data-element_type=\"section\" data-settings=\"{&quot;stretch_section&quot;:&quot;section-stretched&quot;,&quot;background_background&quot;:&quot;classic&quot;,&quot;jet_parallax_layout_list&quot;:[]}\">\n\t\t\t\t\t\t<div class=\"elementor-container elementor-column-gap-default\">\n\t\t\t\t\t<div class=\"elementor-column elementor-col-100 elementor-top-column elementor-element elementor-element-c6723f5\" data-id=\"c6723f5\" data-element_type=\"column\">\n\t\t\t<div class=\"elementor-widget-wrap elementor-element-populated\">\n\t\t\t\t\t\t<div class=\"elementor-element elementor-element-674ce10 elementor-widget elementor-widget-heading\" data-id=\"674ce10\" data-element_type=\"widget\" data-widget_type=\"heading.default\">\n\t\t\t\t<div class=\"elementor-widget-container\">\n\t\t\t<style>\/*! elementor - v3.21.0 - 26-05-2024 *\/\n.elementor-heading-title{padding:0;margin:0;line-height:1}.elementor-widget-heading .elementor-heading-title[class*=elementor-size-]>a{color:inherit;font-size:inherit;line-height:inherit}.elementor-widget-heading .elementor-heading-title.elementor-size-small{font-size:15px}.elementor-widget-heading .elementor-heading-title.elementor-size-medium{font-size:19px}.elementor-widget-heading .elementor-heading-title.elementor-size-large{font-size:29px}.elementor-widget-heading .elementor-heading-title.elementor-size-xl{font-size:39px}.elementor-widget-heading .elementor-heading-title.elementor-size-xxl{font-size:59px}<\/style><h2 class=\"elementor-heading-title elementor-size-default\">NOT\u00cdCIES<\/h2>\t\t<\/div>\n\t\t\t\t<\/div>\n\t\t\t\t<section class=\"elementor-section elementor-inner-section elementor-element elementor-element-da6c3e6 elementor-section-boxed elementor-section-height-default elementor-section-height-default\" data-id=\"da6c3e6\" data-element_type=\"section\" data-settings=\"{&quot;jet_parallax_layout_list&quot;:[]}\">\n\t\t\t\t\t\t<div class=\"elementor-container elementor-column-gap-default\">\n\t\t\t\t\t<div class=\"elementor-column elementor-col-50 elementor-inner-column elementor-element elementor-element-c5114e1\" data-id=\"c5114e1\" data-element_type=\"column\">\n\t\t\t<div class=\"elementor-widget-wrap elementor-element-populated\">\n\t\t\t\t\t\t<div class=\"elementor-element elementor-element-8e43524 elementor-align-right elementor-widget elementor-widget-button\" data-id=\"8e43524\" data-element_type=\"widget\" data-widget_type=\"button.default\">\n\t\t\t\t<div class=\"elementor-widget-container\">\n\t\t\t\t\t<div class=\"elementor-button-wrapper\">\n\t\t\t<a class=\"elementor-button elementor-button-link elementor-size-sm\" href=\"https:\/\/fincasllagostera.cat\/ca\/lloguer\/\">\n\t\t\t\t\t\t<span class=\"elementor-button-content-wrapper\">\n\t\t\t\t\t\t\t\t\t<span class=\"elementor-button-text\">LLOGUER<\/span>\n\t\t\t\t\t<\/span>\n\t\t\t\t\t<\/a>\n\t\t<\/div>\n\t\t\t\t<\/div>\n\t\t\t\t<\/div>\n\t\t\t\t\t<\/div>\n\t\t<\/div>\n\t\t\t\t<div class=\"elementor-column elementor-col-50 elementor-inner-column elementor-element elementor-element-8a21e91\" data-id=\"8a21e91\" data-element_type=\"column\">\n\t\t\t<div class=\"elementor-widget-wrap elementor-element-populated\">\n\t\t\t\t\t\t<div class=\"elementor-element elementor-element-f3ddca1 elementor-align-left elementor-widget elementor-widget-button\" data-id=\"f3ddca1\" data-element_type=\"widget\" data-widget_type=\"button.default\">\n\t\t\t\t<div class=\"elementor-widget-container\">\n\t\t\t\t\t<div class=\"elementor-button-wrapper\">\n\t\t\t<a class=\"elementor-button elementor-button-link elementor-size-sm\" href=\"https:\/\/fincasllagostera.cat\/ca\/noticies\/\">\n\t\t\t\t\t\t<span class=\"elementor-button-content-wrapper\">\n\t\t\t\t\t\t\t\t\t<span class=\"elementor-button-text\">VENDA<\/span>\n\t\t\t\t\t<\/span>\n\t\t\t\t\t<\/a>\n\t\t<\/div>\n\t\t\t\t<\/div>\n\t\t\t\t<\/div>\n\t\t\t\t\t<\/div>\n\t\t<\/div>\n\t\t\t\t\t<\/div>\n\t\t<\/section>\n\t\t\t\t\t<\/div>\n\t\t<\/div>\n\t\t\t\t\t<\/div>\n\t\t<\/section>\n\t\t\t\t<\/div>\n\t\t","protected":false},"excerpt":{"rendered":"<p>ADMINISTREM FINQUES ASSESSORIA CONTABLE, LABORAL, JUR\u00cdDICA I FISCAL ASSEGURANCES I PREVENCI\u00d3 DE RISCOS LABORALS NOT\u00cdCIES LLOGUER VENDA<\/p>\n","protected":false},"author":1,"featured_media":0,"parent":0,"menu_order":0,"comment_status":"closed","ping_status":"closed","template":"","meta":{"_acf_changed":false,"footnotes":""},"class_list":["post-294","page","type-page","status-publish"],"acf":[],"yoast_head":"<!-- This site is optimized with the Yoast SEO plugin v22.8 - https:\/\/yoast.com\/wordpress\/plugins\/seo\/ -->\n<title>Venda - Fincas Llagostera<\/title>\n<meta name=\"robots\" content=\"index, follow, max-snippet:-1, max-image-preview:large, max-video-preview:-1\" \/>\n<link rel=\"canonical\" href=\"https:\/\/fincasllagostera.cat\/ca\/noticies\/\" \/>\n<meta property=\"og:locale\" content=\"ca_ES\" \/>\n<meta property=\"og:type\" content=\"article\" \/>\n<meta property=\"og:title\" content=\"Venda - Fincas Llagostera\" \/>\n<meta property=\"og:description\" content=\"ADMINISTREM FINQUES ASSESSORIA CONTABLE, LABORAL, JUR\u00cdDICA I FISCAL ASSEGURANCES I PREVENCI\u00d3 DE RISCOS LABORALS NOT\u00cdCIES LLOGUER VENDA\" \/>\n<meta property=\"og:url\" content=\"https:\/\/fincasllagostera.cat\/ca\/noticies\/\" \/>\n<meta property=\"og:site_name\" content=\"Fincas Llagostera\" \/>\n<meta property=\"article:modified_time\" content=\"2023-06-21T11:20:45+00:00\" \/>\n<meta property=\"og:image\" content=\"https:\/\/fincasllagostera.cat\/wp-content\/uploads\/2023\/06\/slideFINCASllagostera.jpg\" \/>\n<meta name=\"twitter:card\" content=\"summary_large_image\" \/>\n<script type=\"application\/ld+json\" class=\"yoast-schema-graph\">{\"@context\":\"https:\/\/schema.org\",\"@graph\":[{\"@type\":\"WebPage\",\"@id\":\"https:\/\/fincasllagostera.cat\/ca\/noticies\/\",\"url\":\"https:\/\/fincasllagostera.cat\/ca\/noticies\/\",\"name\":\"Venda - Fincas Llagostera\",\"isPartOf\":{\"@id\":\"https:\/\/fincasllagostera.cat\/#website\"},\"primaryImageOfPage\":{\"@id\":\"https:\/\/fincasllagostera.cat\/ca\/noticies\/#primaryimage\"},\"image\":{\"@id\":\"https:\/\/fincasllagostera.cat\/ca\/noticies\/#primaryimage\"},\"thumbnailUrl\":\"https:\/\/fincasllagostera.cat\/wp-content\/uploads\/2023\/06\/slideFINCASllagostera.jpg\",\"datePublished\":\"2023-04-28T13:41:16+00:00\",\"dateModified\":\"2023-06-21T11:20:45+00:00\",\"breadcrumb\":{\"@id\":\"https:\/\/fincasllagostera.cat\/ca\/noticies\/#breadcrumb\"},\"inLanguage\":\"ca\",\"potentialAction\":[{\"@type\":\"ReadAction\",\"target\":[\"https:\/\/fincasllagostera.cat\/ca\/noticies\/\"]}]},{\"@type\":\"ImageObject\",\"inLanguage\":\"ca\",\"@id\":\"https:\/\/fincasllagostera.cat\/ca\/noticies\/#primaryimage\",\"url\":\"https:\/\/fincasllagostera.cat\/wp-content\/uploads\/2023\/06\/slideFINCASllagostera.jpg\",\"contentUrl\":\"https:\/\/fincasllagostera.cat\/wp-content\/uploads\/2023\/06\/slideFINCASllagostera.jpg\"},{\"@type\":\"BreadcrumbList\",\"@id\":\"https:\/\/fincasllagostera.cat\/ca\/noticies\/#breadcrumb\",\"itemListElement\":[{\"@type\":\"ListItem\",\"position\":1,\"name\":\"Portada\",\"item\":\"https:\/\/fincasllagostera.cat\/ca\/landing\/\"},{\"@type\":\"ListItem\",\"position\":2,\"name\":\"Venda\"}]},{\"@type\":\"WebSite\",\"@id\":\"https:\/\/fincasllagostera.cat\/#website\",\"url\":\"https:\/\/fincasllagostera.cat\/\",\"name\":\"Fincas Llagostera\",\"description\":\"S\u00f3lo otro sitio de WordPress\",\"publisher\":{\"@id\":\"https:\/\/fincasllagostera.cat\/#organization\"},\"potentialAction\":[{\"@type\":\"SearchAction\",\"target\":{\"@type\":\"EntryPoint\",\"urlTemplate\":\"https:\/\/fincasllagostera.cat\/?s={search_term_string}\"},\"query-input\":\"required name=search_term_string\"}],\"inLanguage\":\"ca\"},{\"@type\":\"Organization\",\"@id\":\"https:\/\/fincasllagostera.cat\/#organization\",\"name\":\"Fincas Llagostera\",\"url\":\"https:\/\/fincasllagostera.cat\/\",\"logo\":{\"@type\":\"ImageObject\",\"inLanguage\":\"ca\",\"@id\":\"https:\/\/fincasllagostera.cat\/#\/schema\/logo\/image\/\",\"url\":\"https:\/\/fincasllagostera.cat\/wp-content\/uploads\/2023\/06\/LOGOFINCASLLAGOSTERA-1.png\",\"contentUrl\":\"https:\/\/fincasllagostera.cat\/wp-content\/uploads\/2023\/06\/LOGOFINCASLLAGOSTERA-1.png\",\"width\":1964,\"height\":628,\"caption\":\"Fincas Llagostera\"},\"image\":{\"@id\":\"https:\/\/fincasllagostera.cat\/#\/schema\/logo\/image\/\"}}]}<\/script>\n<!-- \/ Yoast SEO plugin. -->","yoast_head_json":{"title":"Venda - Fincas Llagostera","robots":{"index":"index","follow":"follow","max-snippet":"max-snippet:-1","max-image-preview":"max-image-preview:large","max-video-preview":"max-video-preview:-1"},"canonical":"https:\/\/fincasllagostera.cat\/ca\/noticies\/","og_locale":"ca_ES","og_type":"article","og_title":"Venda - Fincas Llagostera","og_description":"ADMINISTREM FINQUES ASSESSORIA CONTABLE, LABORAL, JUR\u00cdDICA I FISCAL ASSEGURANCES I PREVENCI\u00d3 DE RISCOS LABORALS NOT\u00cdCIES LLOGUER VENDA","og_url":"https:\/\/fincasllagostera.cat\/ca\/noticies\/","og_site_name":"Fincas Llagostera","article_modified_time":"2023-06-21T11:20:45+00:00","og_image":[{"url":"https:\/\/fincasllagostera.cat\/wp-content\/uploads\/2023\/06\/slideFINCASllagostera.jpg"}],"twitter_card":"summary_large_image","schema":{"@context":"https:\/\/schema.org","@graph":[{"@type":"WebPage","@id":"https:\/\/fincasllagostera.cat\/ca\/noticies\/","url":"https:\/\/fincasllagostera.cat\/ca\/noticies\/","name":"Venda - Fincas Llagostera","isPartOf":{"@id":"https:\/\/fincasllagostera.cat\/#website"},"primaryImageOfPage":{"@id":"https:\/\/fincasllagostera.cat\/ca\/noticies\/#primaryimage"},"image":{"@id":"https:\/\/fincasllagostera.cat\/ca\/noticies\/#primaryimage"},"thumbnailUrl":"https:\/\/fincasllagostera.cat\/wp-content\/uploads\/2023\/06\/slideFINCASllagostera.jpg","datePublished":"2023-04-28T13:41:16+00:00","dateModified":"2023-06-21T11:20:45+00:00","breadcrumb":{"@id":"https:\/\/fincasllagostera.cat\/ca\/noticies\/#breadcrumb"},"inLanguage":"ca","potentialAction":[{"@type":"ReadAction","target":["https:\/\/fincasllagostera.cat\/ca\/noticies\/"]}]},{"@type":"ImageObject","inLanguage":"ca","@id":"https:\/\/fincasllagostera.cat\/ca\/noticies\/#primaryimage","url":"https:\/\/fincasllagostera.cat\/wp-content\/uploads\/2023\/06\/slideFINCASllagostera.jpg","contentUrl":"https:\/\/fincasllagostera.cat\/wp-content\/uploads\/2023\/06\/slideFINCASllagostera.jpg"},{"@type":"BreadcrumbList","@id":"https:\/\/fincasllagostera.cat\/ca\/noticies\/#breadcrumb","itemListElement":[{"@type":"ListItem","position":1,"name":"Portada","item":"https:\/\/fincasllagostera.cat\/ca\/landing\/"},{"@type":"ListItem","position":2,"name":"Venda"}]},{"@type":"WebSite","@id":"https:\/\/fincasllagostera.cat\/#website","url":"https:\/\/fincasllagostera.cat\/","name":"Fincas Llagostera","description":"S\u00f3lo otro sitio de WordPress","publisher":{"@id":"https:\/\/fincasllagostera.cat\/#organization"},"potentialAction":[{"@type":"SearchAction","target":{"@type":"EntryPoint","urlTemplate":"https:\/\/fincasllagostera.cat\/?s={search_term_string}"},"query-input":"required name=search_term_string"}],"inLanguage":"ca"},{"@type":"Organization","@id":"https:\/\/fincasllagostera.cat\/#organization","name":"Fincas Llagostera","url":"https:\/\/fincasllagostera.cat\/","logo":{"@type":"ImageObject","inLanguage":"ca","@id":"https:\/\/fincasllagostera.cat\/#\/schema\/logo\/image\/","url":"https:\/\/fincasllagostera.cat\/wp-content\/uploads\/2023\/06\/LOGOFINCASLLAGOSTERA-1.png","contentUrl":"https:\/\/fincasllagostera.cat\/wp-content\/uploads\/2023\/06\/LOGOFINCASLLAGOSTERA-1.png","width":1964,"height":628,"caption":"Fincas Llagostera"},"image":{"@id":"https:\/\/fincasllagostera.cat\/#\/schema\/logo\/image\/"}}]}},"_links":{"self":[{"href":"https:\/\/fincasllagostera.cat\/ca\/wp-json\/wp\/v2\/pages\/294","targetHints":{"allow":["GET"]}}],"collection":[{"href":"https:\/\/fincasllagostera.cat\/ca\/wp-json\/wp\/v2\/pages"}],"about":[{"href":"https:\/\/fincasllagostera.cat\/ca\/wp-json\/wp\/v2\/types\/page"}],"author":[{"embeddable":true,"href":"https:\/\/fincasllagostera.cat\/ca\/wp-json\/wp\/v2\/users\/1"}],"replies":[{"embeddable":true,"href":"https:\/\/fincasllagostera.cat\/ca\/wp-json\/wp\/v2\/comments?post=294"}],"version-history":[{"count":12,"href":"https:\/\/fincasllagostera.cat\/ca\/wp-json\/wp\/v2\/pages\/294\/revisions"}],"predecessor-version":[{"id":1250,"href":"https:\/\/fincasllagostera.cat\/ca\/wp-json\/wp\/v2\/pages\/294\/revisions\/1250"}],"wp:attachment":[{"href":"https:\/\/fincasllagostera.cat\/ca\/wp-json\/wp\/v2\/media?parent=294"}],"curies":[{"name":"wp","href":"https:\/\/api.w.org\/{rel}","templated":true}]}}