{"id":1273,"date":"2023-06-20T14:07:59","date_gmt":"2023-06-20T12:07:59","guid":{"rendered":"https:\/\/fincasllagostera.cat\/declaracion-de-accesibilidad\/"},"modified":"2023-06-21T14:34:27","modified_gmt":"2023-06-21T12:34:27","slug":"declaracion-de-accesibilidad","status":"publish","type":"page","link":"https:\/\/fincasllagostera.cat\/en\/declaracion-de-accesibilidad\/","title":{"rendered":"Declaraci\u00f3n de accesibilidad"},"content":{"rendered":"\t\t<div data-elementor-type=\"wp-page\" data-elementor-id=\"1273\" class=\"elementor elementor-1273 elementor-1111\" data-elementor-post-type=\"page\">\n\t\t\t\t\t\t<section class=\"elementor-section elementor-top-section elementor-element elementor-element-61a8b1c8 elementor-section-boxed elementor-section-height-default elementor-section-height-default\" data-id=\"61a8b1c8\" data-element_type=\"section\" data-settings=\"{&quot;jet_parallax_layout_list&quot;:[]}\">\n\t\t\t\t\t\t<div class=\"elementor-container elementor-column-gap-default\">\n\t\t\t\t\t<div class=\"elementor-column elementor-col-100 elementor-top-column elementor-element elementor-element-35865018\" data-id=\"35865018\" data-element_type=\"column\">\n\t\t\t<div class=\"elementor-widget-wrap elementor-element-populated\">\n\t\t\t\t\t\t<div class=\"elementor-element elementor-element-7475c022 elementor-widget elementor-widget-heading\" data-id=\"7475c022\" data-element_type=\"widget\" data-widget_type=\"heading.default\">\n\t\t\t\t<div class=\"elementor-widget-container\">\n\t\t\t<style>\/*! elementor - v3.21.0 - 26-05-2024 *\/\n.elementor-heading-title{padding:0;margin:0;line-height:1}.elementor-widget-heading .elementor-heading-title[class*=elementor-size-]>a{color:inherit;font-size:inherit;line-height:inherit}.elementor-widget-heading .elementor-heading-title.elementor-size-small{font-size:15px}.elementor-widget-heading .elementor-heading-title.elementor-size-medium{font-size:19px}.elementor-widget-heading .elementor-heading-title.elementor-size-large{font-size:29px}.elementor-widget-heading .elementor-heading-title.elementor-size-xl{font-size:39px}.elementor-widget-heading .elementor-heading-title.elementor-size-xxl{font-size:59px}<\/style><h2 class=\"elementor-heading-title elementor-size-default\">Declaraci\u00f3n de acesibilidad<\/h2>\t\t<\/div>\n\t\t\t\t<\/div>\n\t\t\t\t<div class=\"elementor-element elementor-element-3cd42f34 elementor-widget elementor-widget-text-editor\" data-id=\"3cd42f34\" data-element_type=\"widget\" data-widget_type=\"text-editor.default\">\n\t\t\t\t<div class=\"elementor-widget-container\">\n\t\t\t<style>\/*! elementor - v3.21.0 - 26-05-2024 *\/\n.elementor-widget-text-editor.elementor-drop-cap-view-stacked .elementor-drop-cap{background-color:#69727d;color:#fff}.elementor-widget-text-editor.elementor-drop-cap-view-framed .elementor-drop-cap{color:#69727d;border:3px solid;background-color:transparent}.elementor-widget-text-editor:not(.elementor-drop-cap-view-default) .elementor-drop-cap{margin-top:8px}.elementor-widget-text-editor:not(.elementor-drop-cap-view-default) .elementor-drop-cap-letter{width:1em;height:1em}.elementor-widget-text-editor .elementor-drop-cap{float:left;text-align:center;line-height:1;font-size:50px}.elementor-widget-text-editor .elementor-drop-cap-letter{display:inline-block}<\/style>\t\t\t\t<p>FINQUES GESTIO LLAGOSTERA SLU se ha comprometido a hacer accesible su sitio web de conformidad con el Real Decreto 1112\/2018, de 7 de septiembre, sobre accesibilidad de los sitios web y aplicaciones para dispositivos m\u00f3viles del sector p\u00fablico (en adelante, RD 1112\/2018, de 7 de septiembre).<\/p>\n<p>La presente declaraci\u00f3n de accesibilidad se aplica al sitio web https:\/\/fincasllagostera.cat, excluyendo los contenidos incrustados provenientes de otros dominios.<\/p>\n<h4><strong>Situaci\u00f3n de cumplimiento<\/strong><\/h4>\n<p>Este sitio web es parcialmente conforme con el RD 1112\/2018, de 7 de septiembre, debido a las excepciones y a la falta de conformidad de los aspectos que se indican a continuaci\u00f3n.<\/p>\n<h4><strong>Contenido no accesible<\/strong><\/h4>\n<p>El contenido que se recoge a continuaci\u00f3n no es accesible por lo siguiente:<\/p>\n<p>1.- Falta de conformidad con RD 1112\/2018:<\/p>\n<p>Debido a que se utiliza un gestor de contenidos y existen diferentes usuarios actualizando y creando contenidos nuevos, podr\u00edan existir fallos puntuales de edici\u00f3n en alguna p\u00e1gina web, tanto en contenidos HTML como en documentos finales. No obstante, existe el compromiso de revisi\u00f3n peri\u00f3dica y de solucionar los problemas notificados por los usuarios.<\/p>\n<p>Puede haber contenido externo, como los componentes de Facebook, Twitter, YouTube o Google Maps, que no cumplen completamente con los criterios de accesibilidad.<\/p>\n<p>Puede haber alguna p\u00e1gina donde parte del contenido puede presentarse con p\u00e9rdida de informaci\u00f3n o funcionalidad, necesitando hacer scroll en dos dimensiones [criteri d\u2019\u00e8xit 1.4.10].<\/p>\n<p>2.- Carga desproporcionada: No aplica<\/p>\n<p>3.- El contenido no entra dentro del \u00e1mbito de la legislaci\u00f3n aplicable: podr\u00edan existir archivos ofim\u00e1ticos en PDF u otros formatos publicados antes del 20 de septiembre de 2018 que no cumplan en su totalidad todos los requisitos de accesibilidad.<\/p>\n<h4><strong>Preparaci\u00f3n de la presente declaraci\u00f3n de accesibilidad<\/strong><\/h4>\n<p>La presente declaraci\u00f3n fue preparada el 21 de junio de 2023.<\/p>\n<p>El m\u00e9todo empleado para preparar la declaraci\u00f3n ha sido una autoevaluaci\u00f3n llevada a cabo por el responsable de accesibilidad.<\/p>\n<p>\u00daltima revisi\u00f3n de la declaraci\u00f3n: 21 de junio de 2023.<\/p>\n<h4><strong>Observaciones y datos de contacto<\/strong><\/h4>\n<p>Puede realizar comunicaciones sobre requisitos de accesibilidad (art\u00edculo 10.2.a) del Real Decreto 1112\/2018, de 7 de septiembre) como, por ejemplo:<\/p>\n<p>Informar sobre cualquier posible incumplimiento por parte de este sitio web.<\/p>\n<p>Transmitir otras dificultades de acceso al contenido.<\/p>\n<p>Formular cualquier otra consulta o sugerencia de mejora relativa a la accesibilidad del sitio web.<\/p>\n<p>Utilitando las seguientes v\u00edas:<\/p>\n<p>Formulario de contacto de la p\u00e1gina web<\/p>\n<p>Correo electr\u00f3nico: <a href=\"mailto:info@fincasllagostera.cat\">info@fincasllagostera.cat<\/a><\/p>\n<p>Tel\u00e9fono: 934 541 616<\/p>\n<h4><strong>Procedimiento de aplicaci\u00f3n<\/strong><\/h4>\n<p>A trav\u00e9s de este procedimiento podr\u00e1 iniciar una reclamaci\u00f3n para conocer y oponerse a los motivos de la desestimaci\u00f3n de una solicitud de informaci\u00f3n accesible o queja, instar la adopci\u00f3n de las medidas oportunas en el caso de no estar de acuerdo con la decisi\u00f3n adoptada, o exponer las razones por las que se considera que la respuesta no cumple con los requisitos exigidos.<\/p>\n<p>Formulario de contacto<\/p>\n<h4><strong>Contenido opcional<\/strong><\/h4>\n<p>La versi\u00f3n actualmente visible de este sitio web es de junio de 2023.<\/p>\n<p>A partir de dicha fecha se llevan a cabo revisiones parciales de los contenidos, tanto de las plantillas como de las p\u00e1ginas y documentos finales publicados, a fin de asegurar el cumplimiento de los requerimientos de accesibilidad que actualmente son los de A y AA de la norma WCAG 2.1, considerando las excepciones del Real Decreto 1112\/2018, de 7 de septiembre.<\/p>\n<h4><strong>Tama\u00f1o del texto<\/strong><\/h4>\n<p>Con el objeto de prestar un mejor servicio, Fincas Llagostera almacena en el ordenador del Usuario peque\u00f1os ficheros de informaci\u00f3n denominados cookies. Para m\u00e1s informaci\u00f3n sobre las cookies y su configuraci\u00f3n acceda a nuestra Pol\u00edtica de Cookies.<\/p>\n\t\t\t\t\t\t<\/div>\n\t\t\t\t<\/div>\n\t\t\t\t\t<\/div>\n\t\t<\/div>\n\t\t\t\t\t<\/div>\n\t\t<\/section>\n\t\t\t\t<\/div>\n\t\t","protected":false},"excerpt":{"rendered":"<p>Declaraci\u00f3n de acesibilidad FINQUES GESTIO LLAGOSTERA SLU se ha comprometido a hacer accesible su sitio web de conformidad con el Real Decreto 1112\/2018, de 7 de septiembre, sobre accesibilidad de los sitios web y aplicaciones para dispositivos m\u00f3viles del sector p\u00fablico (en adelante, RD 1112\/2018, de 7 de septiembre). La presente declaraci\u00f3n de accesibilidad se &#8230; <a title=\"Declaraci\u00f3n de accesibilidad\" class=\"read-more\" href=\"https:\/\/fincasllagostera.cat\/en\/declaracion-de-accesibilidad\/\" aria-label=\"Read more about Declaraci\u00f3n de accesibilidad\">Read more<\/a><\/p>\n","protected":false},"author":1,"featured_media":0,"parent":0,"menu_order":0,"comment_status":"closed","ping_status":"closed","template":"","meta":{"_acf_changed":false,"footnotes":""},"class_list":["post-1273","page","type-page","status-publish"],"acf":[],"yoast_head":"<!-- This site is optimized with the Yoast SEO plugin v22.8 - https:\/\/yoast.com\/wordpress\/plugins\/seo\/ -->\n<title>Declaraci\u00f3n de accesibilidad - Fincas Llagostera<\/title>\n<meta name=\"robots\" content=\"index, follow, max-snippet:-1, max-image-preview:large, max-video-preview:-1\" \/>\n<link rel=\"canonical\" href=\"https:\/\/fincasllagostera.cat\/en\/declaracion-de-accesibilidad\/\" \/>\n<meta property=\"og:locale\" content=\"en_US\" \/>\n<meta property=\"og:type\" content=\"article\" \/>\n<meta property=\"og:title\" content=\"Declaraci\u00f3n de accesibilidad - Fincas Llagostera\" \/>\n<meta property=\"og:description\" content=\"Declaraci\u00f3n de acesibilidad FINQUES GESTIO LLAGOSTERA SLU se ha comprometido a hacer accesible su sitio web de conformidad con el Real Decreto 1112\/2018, de 7 de septiembre, sobre accesibilidad de los sitios web y aplicaciones para dispositivos m\u00f3viles del sector p\u00fablico (en adelante, RD 1112\/2018, de 7 de septiembre). La presente declaraci\u00f3n de accesibilidad se ... Read more\" \/>\n<meta property=\"og:url\" content=\"https:\/\/fincasllagostera.cat\/en\/declaracion-de-accesibilidad\/\" \/>\n<meta property=\"og:site_name\" content=\"Fincas Llagostera\" \/>\n<meta property=\"article:modified_time\" content=\"2023-06-21T12:34:27+00:00\" \/>\n<meta name=\"twitter:card\" content=\"summary_large_image\" \/>\n<meta name=\"twitter:label1\" content=\"Est. reading time\" \/>\n\t<meta name=\"twitter:data1\" content=\"3 minutes\" \/>\n<script type=\"application\/ld+json\" class=\"yoast-schema-graph\">{\"@context\":\"https:\/\/schema.org\",\"@graph\":[{\"@type\":\"WebPage\",\"@id\":\"https:\/\/fincasllagostera.cat\/en\/declaracion-de-accesibilidad\/\",\"url\":\"https:\/\/fincasllagostera.cat\/en\/declaracion-de-accesibilidad\/\",\"name\":\"Declaraci\u00f3n de accesibilidad - Fincas Llagostera\",\"isPartOf\":{\"@id\":\"https:\/\/fincasllagostera.cat\/#website\"},\"datePublished\":\"2023-06-20T12:07:59+00:00\",\"dateModified\":\"2023-06-21T12:34:27+00:00\",\"breadcrumb\":{\"@id\":\"https:\/\/fincasllagostera.cat\/en\/declaracion-de-accesibilidad\/#breadcrumb\"},\"inLanguage\":\"en-US\",\"potentialAction\":[{\"@type\":\"ReadAction\",\"target\":[\"https:\/\/fincasllagostera.cat\/en\/declaracion-de-accesibilidad\/\"]}]},{\"@type\":\"BreadcrumbList\",\"@id\":\"https:\/\/fincasllagostera.cat\/en\/declaracion-de-accesibilidad\/#breadcrumb\",\"itemListElement\":[{\"@type\":\"ListItem\",\"position\":1,\"name\":\"Portada\",\"item\":\"https:\/\/fincasllagostera.cat\/en\/landing\/\"},{\"@type\":\"ListItem\",\"position\":2,\"name\":\"Declaraci\u00f3n de accesibilidad\"}]},{\"@type\":\"WebSite\",\"@id\":\"https:\/\/fincasllagostera.cat\/#website\",\"url\":\"https:\/\/fincasllagostera.cat\/\",\"name\":\"Fincas Llagostera\",\"description\":\"S\u00f3lo otro sitio de WordPress\",\"publisher\":{\"@id\":\"https:\/\/fincasllagostera.cat\/#organization\"},\"potentialAction\":[{\"@type\":\"SearchAction\",\"target\":{\"@type\":\"EntryPoint\",\"urlTemplate\":\"https:\/\/fincasllagostera.cat\/?s={search_term_string}\"},\"query-input\":\"required name=search_term_string\"}],\"inLanguage\":\"en-US\"},{\"@type\":\"Organization\",\"@id\":\"https:\/\/fincasllagostera.cat\/#organization\",\"name\":\"Fincas Llagostera\",\"url\":\"https:\/\/fincasllagostera.cat\/\",\"logo\":{\"@type\":\"ImageObject\",\"inLanguage\":\"en-US\",\"@id\":\"https:\/\/fincasllagostera.cat\/#\/schema\/logo\/image\/\",\"url\":\"https:\/\/fincasllagostera.cat\/wp-content\/uploads\/2023\/06\/LOGOFINCASLLAGOSTERA-1.png\",\"contentUrl\":\"https:\/\/fincasllagostera.cat\/wp-content\/uploads\/2023\/06\/LOGOFINCASLLAGOSTERA-1.png\",\"width\":1964,\"height\":628,\"caption\":\"Fincas Llagostera\"},\"image\":{\"@id\":\"https:\/\/fincasllagostera.cat\/#\/schema\/logo\/image\/\"}}]}<\/script>\n<!-- \/ Yoast SEO plugin. -->","yoast_head_json":{"title":"Declaraci\u00f3n de accesibilidad - Fincas Llagostera","robots":{"index":"index","follow":"follow","max-snippet":"max-snippet:-1","max-image-preview":"max-image-preview:large","max-video-preview":"max-video-preview:-1"},"canonical":"https:\/\/fincasllagostera.cat\/en\/declaracion-de-accesibilidad\/","og_locale":"en_US","og_type":"article","og_title":"Declaraci\u00f3n de accesibilidad - Fincas Llagostera","og_description":"Declaraci\u00f3n de acesibilidad FINQUES GESTIO LLAGOSTERA SLU se ha comprometido a hacer accesible su sitio web de conformidad con el Real Decreto 1112\/2018, de 7 de septiembre, sobre accesibilidad de los sitios web y aplicaciones para dispositivos m\u00f3viles del sector p\u00fablico (en adelante, RD 1112\/2018, de 7 de septiembre). La presente declaraci\u00f3n de accesibilidad se ... Read more","og_url":"https:\/\/fincasllagostera.cat\/en\/declaracion-de-accesibilidad\/","og_site_name":"Fincas Llagostera","article_modified_time":"2023-06-21T12:34:27+00:00","twitter_card":"summary_large_image","twitter_misc":{"Est. reading time":"3 minutes"},"schema":{"@context":"https:\/\/schema.org","@graph":[{"@type":"WebPage","@id":"https:\/\/fincasllagostera.cat\/en\/declaracion-de-accesibilidad\/","url":"https:\/\/fincasllagostera.cat\/en\/declaracion-de-accesibilidad\/","name":"Declaraci\u00f3n de accesibilidad - Fincas Llagostera","isPartOf":{"@id":"https:\/\/fincasllagostera.cat\/#website"},"datePublished":"2023-06-20T12:07:59+00:00","dateModified":"2023-06-21T12:34:27+00:00","breadcrumb":{"@id":"https:\/\/fincasllagostera.cat\/en\/declaracion-de-accesibilidad\/#breadcrumb"},"inLanguage":"en-US","potentialAction":[{"@type":"ReadAction","target":["https:\/\/fincasllagostera.cat\/en\/declaracion-de-accesibilidad\/"]}]},{"@type":"BreadcrumbList","@id":"https:\/\/fincasllagostera.cat\/en\/declaracion-de-accesibilidad\/#breadcrumb","itemListElement":[{"@type":"ListItem","position":1,"name":"Portada","item":"https:\/\/fincasllagostera.cat\/en\/landing\/"},{"@type":"ListItem","position":2,"name":"Declaraci\u00f3n de accesibilidad"}]},{"@type":"WebSite","@id":"https:\/\/fincasllagostera.cat\/#website","url":"https:\/\/fincasllagostera.cat\/","name":"Fincas Llagostera","description":"S\u00f3lo otro sitio de WordPress","publisher":{"@id":"https:\/\/fincasllagostera.cat\/#organization"},"potentialAction":[{"@type":"SearchAction","target":{"@type":"EntryPoint","urlTemplate":"https:\/\/fincasllagostera.cat\/?s={search_term_string}"},"query-input":"required name=search_term_string"}],"inLanguage":"en-US"},{"@type":"Organization","@id":"https:\/\/fincasllagostera.cat\/#organization","name":"Fincas Llagostera","url":"https:\/\/fincasllagostera.cat\/","logo":{"@type":"ImageObject","inLanguage":"en-US","@id":"https:\/\/fincasllagostera.cat\/#\/schema\/logo\/image\/","url":"https:\/\/fincasllagostera.cat\/wp-content\/uploads\/2023\/06\/LOGOFINCASLLAGOSTERA-1.png","contentUrl":"https:\/\/fincasllagostera.cat\/wp-content\/uploads\/2023\/06\/LOGOFINCASLLAGOSTERA-1.png","width":1964,"height":628,"caption":"Fincas Llagostera"},"image":{"@id":"https:\/\/fincasllagostera.cat\/#\/schema\/logo\/image\/"}}]}},"_links":{"self":[{"href":"https:\/\/fincasllagostera.cat\/en\/wp-json\/wp\/v2\/pages\/1273","targetHints":{"allow":["GET"]}}],"collection":[{"href":"https:\/\/fincasllagostera.cat\/en\/wp-json\/wp\/v2\/pages"}],"about":[{"href":"https:\/\/fincasllagostera.cat\/en\/wp-json\/wp\/v2\/types\/page"}],"author":[{"embeddable":true,"href":"https:\/\/fincasllagostera.cat\/en\/wp-json\/wp\/v2\/users\/1"}],"replies":[{"embeddable":true,"href":"https:\/\/fincasllagostera.cat\/en\/wp-json\/wp\/v2\/comments?post=1273"}],"version-history":[{"count":2,"href":"https:\/\/fincasllagostera.cat\/en\/wp-json\/wp\/v2\/pages\/1273\/revisions"}],"predecessor-version":[{"id":1282,"href":"https:\/\/fincasllagostera.cat\/en\/wp-json\/wp\/v2\/pages\/1273\/revisions\/1282"}],"wp:attachment":[{"href":"https:\/\/fincasllagostera.cat\/en\/wp-json\/wp\/v2\/media?parent=1273"}],"curies":[{"name":"wp","href":"https:\/\/api.w.org\/{rel}","templated":true}]}}